{"id":2133,"date":"2025-07-31T16:43:52","date_gmt":"2025-07-31T16:43:52","guid":{"rendered":"http:\/\/hardchromeplate.com\/?page_id=2133"},"modified":"2026-01-14T19:02:16","modified_gmt":"2026-01-14T19:02:16","slug":"blog","status":"publish","type":"page","link":"https:\/\/hardchromeplate.com\/en\/blog\/","title":{"rendered":"Blog"},"content":{"rendered":"\t\t<div data-elementor-type=\"wp-page\" data-elementor-id=\"2133\" class=\"elementor elementor-2133\" data-elementor-post-type=\"page\">\n\t\t\t\t<div class=\"elementor-element elementor-element-810f041 e-flex e-con-boxed e-con e-parent\" data-id=\"810f041\" data-element_type=\"container\" data-e-type=\"container\">\n\t\t\t\t\t<div class=\"e-con-inner\">\n\t\t\t\t<div class=\"elementor-element elementor-element-fe1e77a elementor-widget elementor-widget-heading\" data-id=\"fe1e77a\" data-element_type=\"widget\" data-e-type=\"widget\" data-widget_type=\"heading.default\">\n\t\t\t\t<div class=\"elementor-widget-container\">\n\t\t\t\t\t<h6 class=\"elementor-heading-title elementor-size-default\">Blog<\/h6>\t\t\t\t<\/div>\n\t\t\t\t<\/div>\n\t\t\t\t<div class=\"elementor-element elementor-element-b0a61d7 elementor-widget elementor-widget-heading\" data-id=\"b0a61d7\" data-element_type=\"widget\" data-e-type=\"widget\" data-widget_type=\"heading.default\">\n\t\t\t\t<div class=\"elementor-widget-container\">\n\t\t\t\t\t<h1 class=\"elementor-heading-title elementor-size-default\">Zdob\u0105d\u017a najnowsz\u0105 wiedz\u0119 z bran\u017cy<\/h1>\t\t\t\t<\/div>\n\t\t\t\t<\/div>\n\t\t\t\t\t<\/div>\n\t\t\t\t<\/div>\n\t\t<div class=\"elementor-element elementor-element-1ea3ab0 e-flex e-con-boxed e-con e-parent\" data-id=\"1ea3ab0\" data-element_type=\"container\" data-e-type=\"container\">\n\t\t\t\t\t<div class=\"e-con-inner\">\n\t\t\t\t<div class=\"elementor-element elementor-element-544c690 elementor-grid-eael-col-3 elementor-grid-tablet-eael-col-2 elementor-grid-mobile-eael-col-1 elementor-widget elementor-widget-eael-post-grid\" data-id=\"544c690\" data-element_type=\"widget\" data-e-type=\"widget\" data-settings=\"{&quot;eael_post_grid_columns&quot;:&quot;eael-col-3&quot;,&quot;eael_post_grid_columns_tablet&quot;:&quot;eael-col-2&quot;,&quot;eael_post_grid_columns_mobile&quot;:&quot;eael-col-1&quot;}\" data-widget_type=\"eael-post-grid.default\">\n\t\t\t\t<div class=\"elementor-widget-container\">\n\t\t\t\t\t<div id=\"eael-post-grid-544c690\" class=\"eael-post-grid-container\">\n            <div class=\"eael-post-grid eael-post-appender eael-post-appender-544c690 eael-post-grid-style-default\" data-layout-mode=\"grid\"><article class=\"eael-grid-post eael-post-grid-column eael-pg-post-2693 category-blacha\" data-id=\"2693\">\n        <div class=\"eael-grid-post-holder\">\n            <div class=\"eael-grid-post-holder-inner\"><div class=\"eael-entry-wrapper\"><header class=\"eael-entry-header\"><h5 class=\"eael-entry-title\"><a class=\"eael-grid-post-link\" href=\"https:\/\/hardchromeplate.com\/en\/sample-entry-3\/\" title=\"Przyk\u0142adowy wpis 3\" target=\"_blank\">Przyk\u0142adowy wpis 3<\/a><\/h5><\/header><div class=\"eael-entry-content\">\n                        <div class=\"eael-grid-post-excerpt\"><p>Lorem ipsum dolor sit amet, consectetur adipiscing elit. Suspendisse varius...<\/p><\/div>\n                    <\/div><div class=\"eael-entry-footer\"><div class=\"eael-author-avatar\"><a href=\"https:\/\/hardchromeplate.com\/en\/author\/admg\/\"><img alt='A Z' src='https:\/\/secure.gravatar.com\/avatar\/0dfac61716361c9f52f50fe0122483c4765108ce9eaae705dc9dfcdc2cc7582d?s=96&#038;d=mm&#038;r=g' srcset='https:\/\/secure.gravatar.com\/avatar\/0dfac61716361c9f52f50fe0122483c4765108ce9eaae705dc9dfcdc2cc7582d?s=192&#038;d=mm&#038;r=g 2x' class='avatar avatar-96 photo' height='96' width='96' \/><\/a><\/div><div class=\"eael-entry-meta\"><span class=\"eael-posted-by\"><a href=\"https:\/\/hardchromeplate.com\/en\/author\/admg\/\" title=\"Posts by A Z\" rel=\"author\">A Z<\/a><\/span><span class=\"eael-posted-on\"><time datetime=\"September 13, 2025\">September 13, 2025<\/time><\/span><\/div><\/div><\/div><div class=\"eael-entry-media\"><div class=\"eael-entry-overlay none\"><i class=\"fas fa-long-arrow-alt-right\" aria-hidden=\"true\"><\/i><a href=\"https:\/\/hardchromeplate.com\/en\/sample-entry-3\/\" target=\"_blank\"><\/a><\/div><div class=\"eael-entry-thumbnail eael-image-ratio\">\n                <img fetchpriority=\"high\" decoding=\"async\" width=\"1000\" height=\"668\" src=\"https:\/\/hardchromeplate.com\/wp-content\/uploads\/2025\/07\/b184c0646e3bcfff011aec8ad60b13b760bf3e1b-1.jpg\" class=\"attachment-full size-full wp-image-2107\" alt=\"\" srcset=\"https:\/\/hardchromeplate.com\/wp-content\/uploads\/2025\/07\/b184c0646e3bcfff011aec8ad60b13b760bf3e1b-1.jpg 1000w, https:\/\/hardchromeplate.com\/wp-content\/uploads\/2025\/07\/b184c0646e3bcfff011aec8ad60b13b760bf3e1b-1-300x200.jpg 300w, https:\/\/hardchromeplate.com\/wp-content\/uploads\/2025\/07\/b184c0646e3bcfff011aec8ad60b13b760bf3e1b-1-768x513.jpg 768w\" sizes=\"(max-width: 1000px) 100vw, 1000px\" \/>\n            <\/div>\n        <\/div><\/div>\n        <\/div>\n    <\/article><article class=\"eael-grid-post eael-post-grid-column eael-pg-post-2691 category-srubki\" data-id=\"2691\">\n        <div class=\"eael-grid-post-holder\">\n            <div class=\"eael-grid-post-holder-inner\"><div class=\"eael-entry-wrapper\"><header class=\"eael-entry-header\"><h5 class=\"eael-entry-title\"><a class=\"eael-grid-post-link\" href=\"https:\/\/hardchromeplate.com\/en\/sample-entry-2\/\" title=\"Przyk\u0142adowy wpis 2\" target=\"_blank\">Przyk\u0142adowy wpis 2<\/a><\/h5><\/header><div class=\"eael-entry-content\">\n                        <div class=\"eael-grid-post-excerpt\"><p>Lorem ipsum dolor sit amet, consectetur adipiscing elit. Suspendisse varius...<\/p><\/div>\n                    <\/div><div class=\"eael-entry-footer\"><div class=\"eael-author-avatar\"><a href=\"https:\/\/hardchromeplate.com\/en\/author\/admg\/\"><img alt='A Z' src='https:\/\/secure.gravatar.com\/avatar\/0dfac61716361c9f52f50fe0122483c4765108ce9eaae705dc9dfcdc2cc7582d?s=96&#038;d=mm&#038;r=g' srcset='https:\/\/secure.gravatar.com\/avatar\/0dfac61716361c9f52f50fe0122483c4765108ce9eaae705dc9dfcdc2cc7582d?s=192&#038;d=mm&#038;r=g 2x' class='avatar avatar-96 photo' height='96' width='96' \/><\/a><\/div><div class=\"eael-entry-meta\"><span class=\"eael-posted-by\"><a href=\"https:\/\/hardchromeplate.com\/en\/author\/admg\/\" title=\"Posts by A Z\" rel=\"author\">A Z<\/a><\/span><span class=\"eael-posted-on\"><time datetime=\"September 13, 2025\">September 13, 2025<\/time><\/span><\/div><\/div><\/div><div class=\"eael-entry-media\"><div class=\"eael-entry-overlay none\"><i class=\"fas fa-long-arrow-alt-right\" aria-hidden=\"true\"><\/i><a href=\"https:\/\/hardchromeplate.com\/en\/sample-entry-2\/\" target=\"_blank\"><\/a><\/div><div class=\"eael-entry-thumbnail eael-image-ratio\">\n                <img decoding=\"async\" width=\"2560\" height=\"1707\" src=\"https:\/\/hardchromeplate.com\/wp-content\/uploads\/2025\/07\/25a8913f8d8157248837edc2109ef3c77a9666b7-1-scaled.jpg\" class=\"attachment-full size-full wp-image-2112\" alt=\"\" srcset=\"https:\/\/hardchromeplate.com\/wp-content\/uploads\/2025\/07\/25a8913f8d8157248837edc2109ef3c77a9666b7-1-scaled.jpg 2560w, https:\/\/hardchromeplate.com\/wp-content\/uploads\/2025\/07\/25a8913f8d8157248837edc2109ef3c77a9666b7-1-300x200.jpg 300w, https:\/\/hardchromeplate.com\/wp-content\/uploads\/2025\/07\/25a8913f8d8157248837edc2109ef3c77a9666b7-1-1024x683.jpg 1024w, https:\/\/hardchromeplate.com\/wp-content\/uploads\/2025\/07\/25a8913f8d8157248837edc2109ef3c77a9666b7-1-768x512.jpg 768w, https:\/\/hardchromeplate.com\/wp-content\/uploads\/2025\/07\/25a8913f8d8157248837edc2109ef3c77a9666b7-1-1536x1024.jpg 1536w, https:\/\/hardchromeplate.com\/wp-content\/uploads\/2025\/07\/25a8913f8d8157248837edc2109ef3c77a9666b7-1-2048x1366.jpg 2048w\" sizes=\"(max-width: 2560px) 100vw, 2560px\" \/>\n            <\/div>\n        <\/div><\/div>\n        <\/div>\n    <\/article><article class=\"eael-grid-post eael-post-grid-column eael-pg-post-2689 category-uncategorized\" data-id=\"2689\">\n        <div class=\"eael-grid-post-holder\">\n            <div class=\"eael-grid-post-holder-inner\"><div class=\"eael-entry-wrapper\"><header class=\"eael-entry-header\"><h5 class=\"eael-entry-title\"><a class=\"eael-grid-post-link\" href=\"https:\/\/hardchromeplate.com\/en\/sample-entry\/\" title=\"Przyk\u0142adowy wpis 90\" target=\"_blank\">Przyk\u0142adowy wpis 90<\/a><\/h5><\/header><div class=\"eael-entry-content\">\n                        <div class=\"eael-grid-post-excerpt\"><p>blacha Blog blacha Linkedin Instagram Facebook Introduction Mi tincidunt elit,...<\/p><\/div>\n                    <\/div><div class=\"eael-entry-footer\"><div class=\"eael-author-avatar\"><a href=\"https:\/\/hardchromeplate.com\/en\/author\/admg\/\"><img alt='A Z' src='https:\/\/secure.gravatar.com\/avatar\/0dfac61716361c9f52f50fe0122483c4765108ce9eaae705dc9dfcdc2cc7582d?s=96&#038;d=mm&#038;r=g' srcset='https:\/\/secure.gravatar.com\/avatar\/0dfac61716361c9f52f50fe0122483c4765108ce9eaae705dc9dfcdc2cc7582d?s=192&#038;d=mm&#038;r=g 2x' class='avatar avatar-96 photo' height='96' width='96' \/><\/a><\/div><div class=\"eael-entry-meta\"><span class=\"eael-posted-by\"><a href=\"https:\/\/hardchromeplate.com\/en\/author\/admg\/\" title=\"Posts by A Z\" rel=\"author\">A Z<\/a><\/span><span class=\"eael-posted-on\"><time datetime=\"September 13, 2025\">September 13, 2025<\/time><\/span><\/div><\/div><\/div><div class=\"eael-entry-media\"><div class=\"eael-entry-overlay none\"><i class=\"fas fa-long-arrow-alt-right\" aria-hidden=\"true\"><\/i><a href=\"https:\/\/hardchromeplate.com\/en\/sample-entry\/\" target=\"_blank\"><\/a><\/div><div class=\"eael-entry-thumbnail eael-image-ratio\">\n                <img decoding=\"async\" width=\"624\" height=\"361\" src=\"https:\/\/hardchromeplate.com\/wp-content\/uploads\/2025\/08\/Placeholder-Image-3.png\" class=\"attachment-full size-full wp-image-2251\" alt=\"\" srcset=\"https:\/\/hardchromeplate.com\/wp-content\/uploads\/2025\/08\/Placeholder-Image-3.png 624w, https:\/\/hardchromeplate.com\/wp-content\/uploads\/2025\/08\/Placeholder-Image-3-300x174.png 300w\" sizes=\"(max-width: 624px) 100vw, 624px\" \/>\n            <\/div>\n        <\/div><\/div>\n        <\/div>\n    <\/article><\/div>\n            <div class=\"clearfix\"><\/div>\n        <\/div>\t\t\t\t<\/div>\n\t\t\t\t<\/div>\n\t\t\t\t\t<\/div>\n\t\t\t\t<\/div>\n\t\t<div class=\"elementor-element elementor-element-0376730 e-flex e-con-boxed e-con e-parent\" data-id=\"0376730\" data-element_type=\"container\" data-e-type=\"container\">\n\t\t\t\t\t<div class=\"e-con-inner\">\n\t\t\t\t<div class=\"elementor-element elementor-element-e3cc2f2 elementor-widget elementor-widget-heading\" data-id=\"e3cc2f2\" data-element_type=\"widget\" data-e-type=\"widget\" data-widget_type=\"heading.default\">\n\t\t\t\t<div class=\"elementor-widget-container\">\n\t\t\t\t\t<h2 class=\"elementor-heading-title elementor-size-default\">Zapisz si\u0119 na nasz newsletter<\/h2>\t\t\t\t<\/div>\n\t\t\t\t<\/div>\n\t\t\t\t<div class=\"elementor-element elementor-element-5be684a elementor-widget__width-initial elementor-widget-mobile__width-inherit elementor-widget elementor-widget-text-editor\" data-id=\"5be684a\" data-element_type=\"widget\" data-e-type=\"widget\" data-widget_type=\"text-editor.default\">\n\t\t\t\t<div class=\"elementor-widget-container\">\n\t\t\t\t\t\t\t\t\t<p>Otrzymuj najnowsze informacje z bran\u017cy, ciekawostki oraz informacje o najnowszych promocjach w naszej firmie!<\/p>\t\t\t\t\t\t\t\t<\/div>\n\t\t\t\t<\/div>\n\t\t\t\t<div class=\"elementor-element elementor-element-d72bf83 elementor-button-align-start elementor-mobile-button-align-stretch elementor-widget__width-inherit elementor-widget elementor-widget-form\" data-id=\"d72bf83\" data-element_type=\"widget\" data-e-type=\"widget\" data-settings=\"{&quot;button_width&quot;:&quot;20&quot;,&quot;button_width_mobile&quot;:&quot;100&quot;,&quot;step_next_label&quot;:&quot;Next&quot;,&quot;step_previous_label&quot;:&quot;Previous&quot;,&quot;button_width_tablet&quot;:&quot;30&quot;,&quot;step_type&quot;:&quot;number_text&quot;,&quot;step_icon_shape&quot;:&quot;circle&quot;}\" data-widget_type=\"form.default\">\n\t\t\t\t<div class=\"elementor-widget-container\">\n\t\t\t\t\t\t\t<form class=\"elementor-form\" method=\"post\" name=\"New Form\" aria-label=\"New Form\">\n\t\t\t<input type=\"hidden\" name=\"post_id\" value=\"2133\"\/>\n\t\t\t<input type=\"hidden\" name=\"form_id\" value=\"d72bf83\"\/>\n\t\t\t<input type=\"hidden\" name=\"referer_title\" value=\"Blog - Pro Export\" \/>\n\n\t\t\t\t\t\t\t<input type=\"hidden\" name=\"queried_id\" value=\"2133\"\/>\n\t\t\t\n\t\t\t<div class=\"elementor-form-fields-wrapper elementor-labels-\">\n\t\t\t\t\t\t\t\t<div class=\"elementor-field-type-email elementor-field-group elementor-column elementor-field-group-name elementor-col-50 elementor-md-70 elementor-field-required\">\n\t\t\t\t\t\t\t\t\t\t\t\t\t<input size=\"1\" type=\"email\" name=\"form_fields[name]\" id=\"form-field-name\" class=\"elementor-field elementor-size-sm  elementor-field-textual\" placeholder=\"Wpisz sw\u00f3j email\" required=\"required\">\n\t\t\t\t\t\t\t\t\t\t\t<\/div>\n\t\t\t\t\t\t\t\t<div class=\"elementor-field-group elementor-column elementor-field-type-submit elementor-col-20 e-form__buttons elementor-md-30 elementor-sm-100\">\n\t\t\t\t\t<button class=\"elementor-button elementor-size-sm elementor-animation-grow\" type=\"submit\">\n\t\t\t\t\t\t<span class=\"elementor-button-content-wrapper\">\n\t\t\t\t\t\t\t\t\t\t\t\t\t\t\t\t\t\t\t\t\t\t<span class=\"elementor-button-text\">Zapisz si\u0119<\/span>\n\t\t\t\t\t\t\t\t\t\t\t\t\t<\/span>\n\t\t\t\t\t<\/button>\n\t\t\t\t<\/div>\n\t\t\t<\/div>\n\t\t<\/form>\n\t\t\t\t\t\t<\/div>\n\t\t\t\t<\/div>\n\t\t\t\t\t<\/div>\n\t\t\t\t<\/div>\n\t\t\t\t<\/div>\n\t\t","protected":false},"excerpt":{"rendered":"<p>Blog Zdob\u0105d\u017a najnowsz\u0105 wiedz\u0119 z bran\u017cy Przyk\u0142adowy wpis 3 Lorem ipsum dolor sit amet, consectetur adipiscing elit. Suspendisse varius&#8230; A Z13 wrze\u015bnia, 2025 Przyk\u0142adowy wpis 2 Lorem ipsum dolor sit amet, consectetur adipiscing elit. Suspendisse varius&#8230; A Z13 wrze\u015bnia, 2025 Przyk\u0142adowy wpis blacha Blog blacha Link Linkedin X-twitter Facebook Introduction Mi tincidunt&#8230; A Z13 wrze\u015bnia, [&hellip;]<\/p>\n","protected":false},"author":2,"featured_media":0,"parent":0,"menu_order":0,"comment_status":"closed","ping_status":"closed","template":"elementor_header_footer","meta":{"footnotes":""},"class_list":["post-2133","page","type-page","status-publish","hentry"],"_links":{"self":[{"href":"https:\/\/hardchromeplate.com\/en\/wp-json\/wp\/v2\/pages\/2133","targetHints":{"allow":["GET"]}}],"collection":[{"href":"https:\/\/hardchromeplate.com\/en\/wp-json\/wp\/v2\/pages"}],"about":[{"href":"https:\/\/hardchromeplate.com\/en\/wp-json\/wp\/v2\/types\/page"}],"author":[{"embeddable":true,"href":"https:\/\/hardchromeplate.com\/en\/wp-json\/wp\/v2\/users\/2"}],"replies":[{"embeddable":true,"href":"https:\/\/hardchromeplate.com\/en\/wp-json\/wp\/v2\/comments?post=2133"}],"version-history":[{"count":9,"href":"https:\/\/hardchromeplate.com\/en\/wp-json\/wp\/v2\/pages\/2133\/revisions"}],"predecessor-version":[{"id":3948,"href":"https:\/\/hardchromeplate.com\/en\/wp-json\/wp\/v2\/pages\/2133\/revisions\/3948"}],"wp:attachment":[{"href":"https:\/\/hardchromeplate.com\/en\/wp-json\/wp\/v2\/media?parent=2133"}],"curies":[{"name":"wp","href":"https:\/\/api.w.org\/{rel}","templated":true}]}}